{"id":1217,"date":"2020-02-17T14:07:50","date_gmt":"2020-02-17T14:07:50","guid":{"rendered":"https:\/\/multisolgroup.com\/?page_id=1217"},"modified":"2020-02-27T22:42:29","modified_gmt":"2020-02-27T22:42:29","slug":"nos-produits","status":"publish","type":"page","link":"https:\/\/multisolgroup.com\/fr\/nos-produits\/","title":{"rendered":"Nos Produits"},"content":{"rendered":"<p>Nous poss\u00e9dons un vaste portefeuille de produits et repr\u00e9sentons certains des meilleurs fabricants et des fournisseurs de plus haut rang au monde, en ce qui concerne les huiles de base et additifs pr\u00e9vus pour \u00eatre utilis\u00e9s dans les lubrifiants et les carburants.<br \/>\nDisposant de capacit\u00e9s \u00e0 l\u2019\u00e9chelle mondiale, Multisol est capable de soutenir vos besoins de produits, quelle que soit votre application automobile ou industrielle. Nous pouvons fournir une assistance et des conseils pour soutenir vos formulations, vous permettant ainsi d\u2019obtenir les approbations et niveaux de performance souhait\u00e9s pour atteindre vos objectifs de produit et de commercialisation.<\/p>\n","protected":false},"excerpt":{"rendered":"<p>Nous poss\u00e9dons un vaste portefeuille de produits et repr\u00e9sentons certains des meilleurs fabricants et des fournisseurs de plus haut rang au monde, en ce qui concerne les huiles de base et additifs pr\u00e9vus pour \u00eatre utilis\u00e9s dans les lubrifiants et les carburants. Disposant de capacit\u00e9s \u00e0 l\u2019\u00e9chelle mondiale, Multisol est capable de soutenir vos besoins [&hellip;]<\/p>\n","protected":false},"author":3,"featured_media":0,"parent":0,"menu_order":0,"comment_status":"closed","ping_status":"closed","template":"page-products-override.php","meta":{"_acf_changed":false,"footnotes":""},"class_list":["post-1217","page","type-page","status-publish","hentry"],"acf":[],"yoast_head":"<!-- This site is optimized with the Yoast SEO plugin v25.5 - https:\/\/yoast.com\/wordpress\/plugins\/seo\/ -->\n<title>Nos Produits - Multisol<\/title>\n<meta name=\"robots\" content=\"index, follow, max-snippet:-1, max-image-preview:large, max-video-preview:-1\" \/>\n<link rel=\"canonical\" href=\"https:\/\/multisolgroup.com\/fr\/nos-produits\/\" \/>\n<meta property=\"og:locale\" content=\"fr_FR\" \/>\n<meta property=\"og:type\" content=\"article\" \/>\n<meta property=\"og:title\" content=\"Nos Produits - Multisol\" \/>\n<meta property=\"og:description\" content=\"Nous poss\u00e9dons un vaste portefeuille de produits et repr\u00e9sentons certains des meilleurs fabricants et des fournisseurs de plus haut rang au monde, en ce qui concerne les huiles de base et additifs pr\u00e9vus pour \u00eatre utilis\u00e9s dans les lubrifiants et les carburants. Disposant de capacit\u00e9s \u00e0 l\u2019\u00e9chelle mondiale, Multisol est capable de soutenir vos besoins [&hellip;]\" \/>\n<meta property=\"og:url\" content=\"https:\/\/multisolgroup.com\/fr\/nos-produits\/\" \/>\n<meta property=\"og:site_name\" content=\"Multisol\" \/>\n<meta property=\"article:modified_time\" content=\"2020-02-27T22:42:29+00:00\" \/>\n<meta name=\"twitter:card\" content=\"summary_large_image\" \/>\n<meta name=\"twitter:label1\" content=\"Dur\u00e9e de lecture estim\u00e9e\" \/>\n\t<meta name=\"twitter:data1\" content=\"1 minute\" \/>\n<script type=\"application\/ld+json\" class=\"yoast-schema-graph\">{\"@context\":\"https:\/\/schema.org\",\"@graph\":[{\"@type\":\"WebPage\",\"@id\":\"https:\/\/multisolgroup.com\/fr\/nos-produits\/\",\"url\":\"https:\/\/multisolgroup.com\/fr\/nos-produits\/\",\"name\":\"Nos Produits - Multisol\",\"isPartOf\":{\"@id\":\"https:\/\/multisolgroup.com\/fr\/#website\"},\"datePublished\":\"2020-02-17T14:07:50+00:00\",\"dateModified\":\"2020-02-27T22:42:29+00:00\",\"breadcrumb\":{\"@id\":\"https:\/\/multisolgroup.com\/fr\/nos-produits\/#breadcrumb\"},\"inLanguage\":\"fr-FR\",\"potentialAction\":[{\"@type\":\"ReadAction\",\"target\":[\"https:\/\/multisolgroup.com\/fr\/nos-produits\/\"]}]},{\"@type\":\"BreadcrumbList\",\"@id\":\"https:\/\/multisolgroup.com\/fr\/nos-produits\/#breadcrumb\",\"itemListElement\":[{\"@type\":\"ListItem\",\"position\":1,\"name\":\"Home\",\"item\":\"https:\/\/multisolgroup.com\/fr\/\"},{\"@type\":\"ListItem\",\"position\":2,\"name\":\"Nos Produits\"}]},{\"@type\":\"WebSite\",\"@id\":\"https:\/\/multisolgroup.com\/fr\/#website\",\"url\":\"https:\/\/multisolgroup.com\/fr\/\",\"name\":\"Multisol\",\"description\":\"\",\"potentialAction\":[{\"@type\":\"SearchAction\",\"target\":{\"@type\":\"EntryPoint\",\"urlTemplate\":\"https:\/\/multisolgroup.com\/fr\/?s={search_term_string}\"},\"query-input\":{\"@type\":\"PropertyValueSpecification\",\"valueRequired\":true,\"valueName\":\"search_term_string\"}}],\"inLanguage\":\"fr-FR\"}]}<\/script>\n<!-- \/ Yoast SEO plugin. -->","yoast_head_json":{"title":"Nos Produits - Multisol","robots":{"index":"index","follow":"follow","max-snippet":"max-snippet:-1","max-image-preview":"max-image-preview:large","max-video-preview":"max-video-preview:-1"},"canonical":"https:\/\/multisolgroup.com\/fr\/nos-produits\/","og_locale":"fr_FR","og_type":"article","og_title":"Nos Produits - Multisol","og_description":"Nous poss\u00e9dons un vaste portefeuille de produits et repr\u00e9sentons certains des meilleurs fabricants et des fournisseurs de plus haut rang au monde, en ce qui concerne les huiles de base et additifs pr\u00e9vus pour \u00eatre utilis\u00e9s dans les lubrifiants et les carburants. Disposant de capacit\u00e9s \u00e0 l\u2019\u00e9chelle mondiale, Multisol est capable de soutenir vos besoins [&hellip;]","og_url":"https:\/\/multisolgroup.com\/fr\/nos-produits\/","og_site_name":"Multisol","article_modified_time":"2020-02-27T22:42:29+00:00","twitter_card":"summary_large_image","twitter_misc":{"Dur\u00e9e de lecture estim\u00e9e":"1 minute"},"schema":{"@context":"https:\/\/schema.org","@graph":[{"@type":"WebPage","@id":"https:\/\/multisolgroup.com\/fr\/nos-produits\/","url":"https:\/\/multisolgroup.com\/fr\/nos-produits\/","name":"Nos Produits - Multisol","isPartOf":{"@id":"https:\/\/multisolgroup.com\/fr\/#website"},"datePublished":"2020-02-17T14:07:50+00:00","dateModified":"2020-02-27T22:42:29+00:00","breadcrumb":{"@id":"https:\/\/multisolgroup.com\/fr\/nos-produits\/#breadcrumb"},"inLanguage":"fr-FR","potentialAction":[{"@type":"ReadAction","target":["https:\/\/multisolgroup.com\/fr\/nos-produits\/"]}]},{"@type":"BreadcrumbList","@id":"https:\/\/multisolgroup.com\/fr\/nos-produits\/#breadcrumb","itemListElement":[{"@type":"ListItem","position":1,"name":"Home","item":"https:\/\/multisolgroup.com\/fr\/"},{"@type":"ListItem","position":2,"name":"Nos Produits"}]},{"@type":"WebSite","@id":"https:\/\/multisolgroup.com\/fr\/#website","url":"https:\/\/multisolgroup.com\/fr\/","name":"Multisol","description":"","potentialAction":[{"@type":"SearchAction","target":{"@type":"EntryPoint","urlTemplate":"https:\/\/multisolgroup.com\/fr\/?s={search_term_string}"},"query-input":{"@type":"PropertyValueSpecification","valueRequired":true,"valueName":"search_term_string"}}],"inLanguage":"fr-FR"}]}},"_links":{"self":[{"href":"https:\/\/multisolgroup.com\/fr\/wp-json\/wp\/v2\/pages\/1217","targetHints":{"allow":["GET"]}}],"collection":[{"href":"https:\/\/multisolgroup.com\/fr\/wp-json\/wp\/v2\/pages"}],"about":[{"href":"https:\/\/multisolgroup.com\/fr\/wp-json\/wp\/v2\/types\/page"}],"author":[{"embeddable":true,"href":"https:\/\/multisolgroup.com\/fr\/wp-json\/wp\/v2\/users\/3"}],"replies":[{"embeddable":true,"href":"https:\/\/multisolgroup.com\/fr\/wp-json\/wp\/v2\/comments?post=1217"}],"version-history":[{"count":6,"href":"https:\/\/multisolgroup.com\/fr\/wp-json\/wp\/v2\/pages\/1217\/revisions"}],"predecessor-version":[{"id":1405,"href":"https:\/\/multisolgroup.com\/fr\/wp-json\/wp\/v2\/pages\/1217\/revisions\/1405"}],"wp:attachment":[{"href":"https:\/\/multisolgroup.com\/fr\/wp-json\/wp\/v2\/media?parent=1217"}],"curies":[{"name":"wp","href":"https:\/\/api.w.org\/{rel}","templated":true}]}}