{"id":1307,"date":"2020-02-17T14:08:16","date_gmt":"2020-02-17T14:08:16","guid":{"rendered":"https:\/\/multisolgroup.com\/?page_id=1307"},"modified":"2020-02-27T22:43:56","modified_gmt":"2020-02-27T22:43:56","slug":"nos-services","status":"publish","type":"page","link":"https:\/\/multisolgroup.com\/fr\/nos-produits\/nos-services\/","title":{"rendered":"Nos services"},"content":{"rendered":"<p>Multisol est l\u2019un des premiers fournisseurs de services customis\u00e9s aux secteurs des lubrifiants et des carburants. Nous nous effor\u00e7ons de fournir les plus hauts niveaux de qualit\u00e9 et de service \u00e0 tous nos clients sachant que, de m\u00eame que les clients ont des besoins de produits qui diff\u00e8rent, ils ont aussi des besoins de services diff\u00e9rents.<br \/>\nNotre objectif est de d\u00e9livrer les services que les clients individuels valorisent le plus pour am\u00e9liorer l\u2019efficacit\u00e9 et la comp\u00e9titivit\u00e9 de leurs op\u00e9rations. Nous poss\u00e9dons tout un \u00e9ventail de connaissances techniques ax\u00e9es sur des solutions qui renforceront vos affaires.<\/p>\n","protected":false},"excerpt":{"rendered":"<p>Multisol est l\u2019un des premiers fournisseurs de services customis\u00e9s aux secteurs des lubrifiants et des carburants. Nous nous effor\u00e7ons de fournir les plus hauts niveaux de qualit\u00e9 et de service \u00e0 tous nos clients sachant que, de m\u00eame que les clients ont des besoins de produits qui diff\u00e8rent, ils ont aussi des besoins de services [&hellip;]<\/p>\n","protected":false},"author":3,"featured_media":0,"parent":1217,"menu_order":0,"comment_status":"closed","ping_status":"closed","template":"page-services-override.php","meta":{"_acf_changed":false,"footnotes":""},"class_list":["post-1307","page","type-page","status-publish","hentry"],"acf":[],"yoast_head":"<!-- This site is optimized with the Yoast SEO plugin v25.5 - https:\/\/yoast.com\/wordpress\/plugins\/seo\/ -->\n<title>Nos services - Multisol<\/title>\n<meta name=\"robots\" content=\"index, follow, max-snippet:-1, max-image-preview:large, max-video-preview:-1\" \/>\n<link rel=\"canonical\" href=\"https:\/\/multisolgroup.com\/fr\/nos-produits\/nos-services\/\" \/>\n<meta property=\"og:locale\" content=\"fr_FR\" \/>\n<meta property=\"og:type\" content=\"article\" \/>\n<meta property=\"og:title\" content=\"Nos services - Multisol\" \/>\n<meta property=\"og:description\" content=\"Multisol est l\u2019un des premiers fournisseurs de services customis\u00e9s aux secteurs des lubrifiants et des carburants. Nous nous effor\u00e7ons de fournir les plus hauts niveaux de qualit\u00e9 et de service \u00e0 tous nos clients sachant que, de m\u00eame que les clients ont des besoins de produits qui diff\u00e8rent, ils ont aussi des besoins de services [&hellip;]\" \/>\n<meta property=\"og:url\" content=\"https:\/\/multisolgroup.com\/fr\/nos-produits\/nos-services\/\" \/>\n<meta property=\"og:site_name\" content=\"Multisol\" \/>\n<meta property=\"article:modified_time\" content=\"2020-02-27T22:43:56+00:00\" \/>\n<meta name=\"twitter:card\" content=\"summary_large_image\" \/>\n<meta name=\"twitter:label1\" content=\"Dur\u00e9e de lecture estim\u00e9e\" \/>\n\t<meta name=\"twitter:data1\" content=\"1 minute\" \/>\n<script type=\"application\/ld+json\" class=\"yoast-schema-graph\">{\"@context\":\"https:\/\/schema.org\",\"@graph\":[{\"@type\":\"WebPage\",\"@id\":\"https:\/\/multisolgroup.com\/fr\/nos-produits\/nos-services\/\",\"url\":\"https:\/\/multisolgroup.com\/fr\/nos-produits\/nos-services\/\",\"name\":\"Nos services - Multisol\",\"isPartOf\":{\"@id\":\"https:\/\/multisolgroup.com\/fr\/#website\"},\"datePublished\":\"2020-02-17T14:08:16+00:00\",\"dateModified\":\"2020-02-27T22:43:56+00:00\",\"breadcrumb\":{\"@id\":\"https:\/\/multisolgroup.com\/fr\/nos-produits\/nos-services\/#breadcrumb\"},\"inLanguage\":\"fr-FR\",\"potentialAction\":[{\"@type\":\"ReadAction\",\"target\":[\"https:\/\/multisolgroup.com\/fr\/nos-produits\/nos-services\/\"]}]},{\"@type\":\"BreadcrumbList\",\"@id\":\"https:\/\/multisolgroup.com\/fr\/nos-produits\/nos-services\/#breadcrumb\",\"itemListElement\":[{\"@type\":\"ListItem\",\"position\":1,\"name\":\"Home\",\"item\":\"https:\/\/multisolgroup.com\/fr\/\"},{\"@type\":\"ListItem\",\"position\":2,\"name\":\"Nos Produits\",\"item\":\"https:\/\/multisolgroup.com\/fr\/nos-produits\/\"},{\"@type\":\"ListItem\",\"position\":3,\"name\":\"Nos services\"}]},{\"@type\":\"WebSite\",\"@id\":\"https:\/\/multisolgroup.com\/fr\/#website\",\"url\":\"https:\/\/multisolgroup.com\/fr\/\",\"name\":\"Multisol\",\"description\":\"\",\"potentialAction\":[{\"@type\":\"SearchAction\",\"target\":{\"@type\":\"EntryPoint\",\"urlTemplate\":\"https:\/\/multisolgroup.com\/fr\/?s={search_term_string}\"},\"query-input\":{\"@type\":\"PropertyValueSpecification\",\"valueRequired\":true,\"valueName\":\"search_term_string\"}}],\"inLanguage\":\"fr-FR\"}]}<\/script>\n<!-- \/ Yoast SEO plugin. -->","yoast_head_json":{"title":"Nos services - Multisol","robots":{"index":"index","follow":"follow","max-snippet":"max-snippet:-1","max-image-preview":"max-image-preview:large","max-video-preview":"max-video-preview:-1"},"canonical":"https:\/\/multisolgroup.com\/fr\/nos-produits\/nos-services\/","og_locale":"fr_FR","og_type":"article","og_title":"Nos services - Multisol","og_description":"Multisol est l\u2019un des premiers fournisseurs de services customis\u00e9s aux secteurs des lubrifiants et des carburants. Nous nous effor\u00e7ons de fournir les plus hauts niveaux de qualit\u00e9 et de service \u00e0 tous nos clients sachant que, de m\u00eame que les clients ont des besoins de produits qui diff\u00e8rent, ils ont aussi des besoins de services [&hellip;]","og_url":"https:\/\/multisolgroup.com\/fr\/nos-produits\/nos-services\/","og_site_name":"Multisol","article_modified_time":"2020-02-27T22:43:56+00:00","twitter_card":"summary_large_image","twitter_misc":{"Dur\u00e9e de lecture estim\u00e9e":"1 minute"},"schema":{"@context":"https:\/\/schema.org","@graph":[{"@type":"WebPage","@id":"https:\/\/multisolgroup.com\/fr\/nos-produits\/nos-services\/","url":"https:\/\/multisolgroup.com\/fr\/nos-produits\/nos-services\/","name":"Nos services - Multisol","isPartOf":{"@id":"https:\/\/multisolgroup.com\/fr\/#website"},"datePublished":"2020-02-17T14:08:16+00:00","dateModified":"2020-02-27T22:43:56+00:00","breadcrumb":{"@id":"https:\/\/multisolgroup.com\/fr\/nos-produits\/nos-services\/#breadcrumb"},"inLanguage":"fr-FR","potentialAction":[{"@type":"ReadAction","target":["https:\/\/multisolgroup.com\/fr\/nos-produits\/nos-services\/"]}]},{"@type":"BreadcrumbList","@id":"https:\/\/multisolgroup.com\/fr\/nos-produits\/nos-services\/#breadcrumb","itemListElement":[{"@type":"ListItem","position":1,"name":"Home","item":"https:\/\/multisolgroup.com\/fr\/"},{"@type":"ListItem","position":2,"name":"Nos Produits","item":"https:\/\/multisolgroup.com\/fr\/nos-produits\/"},{"@type":"ListItem","position":3,"name":"Nos services"}]},{"@type":"WebSite","@id":"https:\/\/multisolgroup.com\/fr\/#website","url":"https:\/\/multisolgroup.com\/fr\/","name":"Multisol","description":"","potentialAction":[{"@type":"SearchAction","target":{"@type":"EntryPoint","urlTemplate":"https:\/\/multisolgroup.com\/fr\/?s={search_term_string}"},"query-input":{"@type":"PropertyValueSpecification","valueRequired":true,"valueName":"search_term_string"}}],"inLanguage":"fr-FR"}]}},"_links":{"self":[{"href":"https:\/\/multisolgroup.com\/fr\/wp-json\/wp\/v2\/pages\/1307","targetHints":{"allow":["GET"]}}],"collection":[{"href":"https:\/\/multisolgroup.com\/fr\/wp-json\/wp\/v2\/pages"}],"about":[{"href":"https:\/\/multisolgroup.com\/fr\/wp-json\/wp\/v2\/types\/page"}],"author":[{"embeddable":true,"href":"https:\/\/multisolgroup.com\/fr\/wp-json\/wp\/v2\/users\/3"}],"replies":[{"embeddable":true,"href":"https:\/\/multisolgroup.com\/fr\/wp-json\/wp\/v2\/comments?post=1307"}],"version-history":[{"count":4,"href":"https:\/\/multisolgroup.com\/fr\/wp-json\/wp\/v2\/pages\/1307\/revisions"}],"predecessor-version":[{"id":1406,"href":"https:\/\/multisolgroup.com\/fr\/wp-json\/wp\/v2\/pages\/1307\/revisions\/1406"}],"up":[{"embeddable":true,"href":"https:\/\/multisolgroup.com\/fr\/wp-json\/wp\/v2\/pages\/1217"}],"wp:attachment":[{"href":"https:\/\/multisolgroup.com\/fr\/wp-json\/wp\/v2\/media?parent=1307"}],"curies":[{"name":"wp","href":"https:\/\/api.w.org\/{rel}","templated":true}]}}