{"id":1315,"date":"2020-02-17T14:08:29","date_gmt":"2020-02-17T14:08:29","guid":{"rendered":"https:\/\/multisolgroup.com\/?page_id=1315"},"modified":"2020-03-06T10:56:31","modified_gmt":"2020-03-06T10:56:31","slug":"telechargements","status":"publish","type":"page","link":"https:\/\/multisolgroup.com\/fr\/telechargements\/","title":{"rendered":"T\u00e9l\u00e9chargements"},"content":{"rendered":"<p><center><img loading=\"lazy\" decoding=\"async\" class=\"alignnone wp-image-1098 size-large\" src=\"http:\/\/multisolgroup.com\/wp-content\/uploads\/2019\/11\/mdl-e1574953587127-1024x345.jpg\" alt=\"\" width=\"1024\" height=\"345\" srcset=\"https:\/\/multisolgroup.com\/wp-content\/uploads\/2019\/11\/mdl-e1574953587127-1024x345.jpg 1024w, https:\/\/multisolgroup.com\/wp-content\/uploads\/2019\/11\/mdl-e1574953587127-300x101.jpg 300w, https:\/\/multisolgroup.com\/wp-content\/uploads\/2019\/11\/mdl-e1574953587127-768x259.jpg 768w, https:\/\/multisolgroup.com\/wp-content\/uploads\/2019\/11\/mdl-e1574953587127-180x61.jpg 180w, https:\/\/multisolgroup.com\/wp-content\/uploads\/2019\/11\/mdl-e1574953587127.jpg 1504w\" sizes=\"auto, (max-width: 1024px) 100vw, 1024px\" \/><\/center><\/p>\n<h3>Infineum Insight<\/h3>\n<p>&nbsp;<\/p>\n<div id=\"accordion-1\" class=\"accordion no-js\"><\/p>\n<h3>\n\t\t\t\t\t<h3 role=\"button\" id=\"accordion-1-t1\" class=\"accordion-title js-accordion-controller\" aria-controls=\"accordion-1-c1\" aria-expanded=\"false\" tabindex=\"0\" data-initialstate=\"open\">\n\t\t\t\tEst-ce que tous les produits d\u2019am\u00e9lioration de l\u2019onctuosit\u00e9 sont \u00e9gaux ?\t\t\t<\/h3>\n\t\t\n\t\t<div id=\"accordion-1-c1\" class=\"accordion-content\" aria-hidden=\"true\">\n\t\t\t<\/h3>\n<p>&nbsp;<\/p>\n<p>Avec des pressions aussi \u00e9normes pesant sur les raffineurs pour g\u00e9rer les d\u00e9s\u00e9quilibres entre l\u2019offre et la demande, exacerb\u00e9es par la demande accrue en produits de bio-carburants et par les d\u00e9fis d\u2019IMO 2020, il est rassurant de savoir que MULTISOL, en utilisant la gamme de produits de classe mondiale d\u2019INFINEUM, est bien plac\u00e9e pour soutenir les raffineurs dans le monde entier. Parvenir au r\u00e9sultat voulu exige des protocoles d\u2019essai robustes pour \u00e9valuer pleinement la performance des produits et des champs. Les laboratoires d\u2019avant-garde de Multisol \u00e0 Moscou et \u00e0 Poznan offrent aux raffineurs les normes les plus \u00e9lev\u00e9es d\u2019appui technique et toute une gamme de capacit\u00e9s d\u2019essai. Ces centres d\u2019excellence r\u00e9pondent aux normes rigoureuses d\u2019Infineum et fournissent aux raffineurs une exploitation homog\u00e8ne \u00e0 partir de laquelle ils peuvent d\u00e9livrer leurs objectifs de produits et am\u00e9liorer leur \u00e9conomie.<\/p>\n<h3 style=\"text-align: center;\"><a href=\"http:\/\/multisolgroup.com\/wp-content\/uploads\/2019\/11\/IMO-2020-and-beyond.pdf\" target=\"_blank\" rel=\"noopener noreferrer\"><strong>T\u00e9l\u00e9chargez l\u2019article<\/strong><\/a><\/h3>\n<h3>\t\t<\/div>\n\n\t\t<\/h3>\n<h3>\n\t\t\t\t\t<h3 role=\"button\" id=\"accordion-1-t2\" class=\"accordion-title js-accordion-controller\" aria-controls=\"accordion-1-c2\" aria-expanded=\"false\" tabindex=\"0\" data-initialstate=\"closed\">\n\t\t\t\tIMO 2020, un changement de paradigme\t\t\t<\/h3>\n\t\t\n\t\t<div id=\"accordion-1-c2\" class=\"accordion-content\" aria-hidden=\"true\">\n\t\t\t<\/h3>\n<p>&nbsp;<\/p>\n<p>Alors qu\u2019IMO 2020 pr\u00e9sente l\u2019un des plus grand d\u00e9fis affront\u00e9s par le secteur au cours de ces derni\u00e8res ann\u00e9es, MULTISOL est bien plac\u00e9e pour soutenir les raffineurs et am\u00e9liorer leur \u00e9conomie en utilisant la gamme d\u2019additifs \u00e0 \u00e9coulement \u00e0 froid et sp\u00e9ciaux d\u2019INFINEUM, de haute qualit\u00e9, pour offrir des solutions dans des domaines tels que le transport de brut et de composants de carburants, de gestion des asphalt\u00e8nes et de la paraffine, de l\u2019onctuosit\u00e9 et de la combustion.<\/p>\n<h3 style=\"text-align: center;\"><a href=\"http:\/\/multisolgroup.com\/wp-content\/uploads\/2019\/11\/IMO-2020-a-paradigm-shift.pdf\" target=\"_blank\" rel=\"noopener noreferrer\"><strong>T\u00e9l\u00e9chargez l\u2019article<\/strong><\/a><\/h3>\n<h3>\t\t<\/div>\n\n\t\t<\/h3>\n<h3>\n\t\t\t\t\t<h3 role=\"button\" id=\"accordion-1-t3\" class=\"accordion-title js-accordion-controller\" aria-controls=\"accordion-1-c3\" aria-expanded=\"false\" tabindex=\"0\" data-initialstate=\"closed\">\n\t\t\t\tObjectif : IMO 2020\t\t\t<\/h3>\n\t\t\n\t\t<div id=\"accordion-1-c3\" class=\"accordion-content\" aria-hidden=\"true\">\n\t\t\t<\/h3>\n<p>&nbsp;<\/p>\n<p>La nouvelle l\u00e9gislation de l\u2019Organisation Maritime Internationale sur la teneur en soufre des carburants aura un impact \u00e9norme sur la navigation et les secteurs \u00e9conomiques y aff\u00e9rents. Regardez la vid\u00e9o o\u00f9 les experts d\u2019Infineum en carburants et lubrifiants marins, Steve Benwell et Marco Corradi, discutent des implications pour les d\u00e9positaires d\u2019enjeux du secteur et expliquent leurs pens\u00e9es sur les exigences des carburants et lubrifiants futurs.<\/p>\n<h3 style=\"text-align: center;\"><a href=\"https:\/\/multisolgroup.com\/heading-for-imo-2020-2\/\" target=\"_blank\" rel=\"noopener noreferrer\"><strong>T\u00e9l\u00e9charger l\u2019article<\/strong><\/a><\/h3>\n<h3>\t\t<\/div>\n\n\t\t<\/h3>\n<h3>\n\t\t\t\t\t<h3 role=\"button\" id=\"accordion-1-t4\" class=\"accordion-title js-accordion-controller\" aria-controls=\"accordion-1-c4\" aria-expanded=\"false\" tabindex=\"0\" data-initialstate=\"closed\">\n\t\t\t\tContinuer \u00e0 faire \u00e9couler le brut\t\t\t<\/h3>\n\t\t\n\t\t<div id=\"accordion-1-c4\" class=\"accordion-content\" aria-hidden=\"true\">\n\t\t\t<\/h3>\n<p>&nbsp;<\/p>\n<p>Pour r\u00e9pondre aux modes de demande changeants, le mouvement mondial du brut se modifie, rendant l\u2019optimisation des co\u00fbts de logistique de plus en plus importante pour r\u00e9duire les frais d\u2019exploitation. Daniel Deneen, Responsable du d\u00e9veloppement commercial chez Infineum, explique \u00e0 Infineum Insight comment l\u2019usage croissant des bruts non-conventionnels introduit des d\u00e9fis suppl\u00e9mentaires dans les march\u00e9s amont, interm\u00e9diaire et aval.<\/p>\n<h3 style=\"text-align: center;\"><a href=\"http:\/\/multisolgroup.com\/wp-content\/uploads\/2020\/01\/Keeping-crudes-flowing-1.pdf\" target=\"_blank\" rel=\"noopener noreferrer\"><strong>T\u00e9l\u00e9charger l\u2019article<\/strong><\/a><\/h3>\n<h3>\t\t<\/div>\n\n\t\t<\/h3>\n<p><\/div>\n","protected":false},"excerpt":{"rendered":"<p>Infineum Insight &nbsp;<\/p>\n","protected":false},"author":3,"featured_media":0,"parent":0,"menu_order":0,"comment_status":"closed","ping_status":"closed","template":"","meta":{"_acf_changed":false,"footnotes":""},"class_list":["post-1315","page","type-page","status-publish","hentry"],"acf":[],"yoast_head":"<!-- This site is optimized with the Yoast SEO plugin v25.5 - https:\/\/yoast.com\/wordpress\/plugins\/seo\/ -->\n<title>T\u00e9l\u00e9chargements - Multisol<\/title>\n<meta name=\"robots\" content=\"index, follow, max-snippet:-1, max-image-preview:large, max-video-preview:-1\" \/>\n<link rel=\"canonical\" href=\"https:\/\/multisolgroup.com\/fr\/telechargements\/\" \/>\n<meta property=\"og:locale\" content=\"fr_FR\" \/>\n<meta property=\"og:type\" content=\"article\" \/>\n<meta property=\"og:title\" content=\"T\u00e9l\u00e9chargements - Multisol\" \/>\n<meta property=\"og:description\" content=\"Infineum Insight &nbsp;\" \/>\n<meta property=\"og:url\" content=\"https:\/\/multisolgroup.com\/fr\/telechargements\/\" \/>\n<meta property=\"og:site_name\" content=\"Multisol\" \/>\n<meta property=\"article:modified_time\" content=\"2020-03-06T10:56:31+00:00\" \/>\n<meta property=\"og:image\" content=\"http:\/\/multisolgroup.com\/wp-content\/uploads\/2019\/11\/mdl-e1574953587127-1024x345.jpg\" \/>\n<meta name=\"twitter:card\" content=\"summary_large_image\" \/>\n<meta name=\"twitter:label1\" content=\"Dur\u00e9e de lecture estim\u00e9e\" \/>\n\t<meta name=\"twitter:data1\" content=\"2 minutes\" \/>\n<script type=\"application\/ld+json\" class=\"yoast-schema-graph\">{\"@context\":\"https:\/\/schema.org\",\"@graph\":[{\"@type\":\"WebPage\",\"@id\":\"https:\/\/multisolgroup.com\/fr\/telechargements\/\",\"url\":\"https:\/\/multisolgroup.com\/fr\/telechargements\/\",\"name\":\"T\u00e9l\u00e9chargements - Multisol\",\"isPartOf\":{\"@id\":\"https:\/\/multisolgroup.com\/fr\/#website\"},\"primaryImageOfPage\":{\"@id\":\"https:\/\/multisolgroup.com\/fr\/telechargements\/#primaryimage\"},\"image\":{\"@id\":\"https:\/\/multisolgroup.com\/fr\/telechargements\/#primaryimage\"},\"thumbnailUrl\":\"http:\/\/multisolgroup.com\/wp-content\/uploads\/2019\/11\/mdl-e1574953587127-1024x345.jpg\",\"datePublished\":\"2020-02-17T14:08:29+00:00\",\"dateModified\":\"2020-03-06T10:56:31+00:00\",\"breadcrumb\":{\"@id\":\"https:\/\/multisolgroup.com\/fr\/telechargements\/#breadcrumb\"},\"inLanguage\":\"fr-FR\",\"potentialAction\":[{\"@type\":\"ReadAction\",\"target\":[\"https:\/\/multisolgroup.com\/fr\/telechargements\/\"]}]},{\"@type\":\"ImageObject\",\"inLanguage\":\"fr-FR\",\"@id\":\"https:\/\/multisolgroup.com\/fr\/telechargements\/#primaryimage\",\"url\":\"http:\/\/multisolgroup.com\/wp-content\/uploads\/2019\/11\/mdl-e1574953587127-1024x345.jpg\",\"contentUrl\":\"http:\/\/multisolgroup.com\/wp-content\/uploads\/2019\/11\/mdl-e1574953587127-1024x345.jpg\"},{\"@type\":\"BreadcrumbList\",\"@id\":\"https:\/\/multisolgroup.com\/fr\/telechargements\/#breadcrumb\",\"itemListElement\":[{\"@type\":\"ListItem\",\"position\":1,\"name\":\"Home\",\"item\":\"https:\/\/multisolgroup.com\/fr\/\"},{\"@type\":\"ListItem\",\"position\":2,\"name\":\"T\u00e9l\u00e9chargements\"}]},{\"@type\":\"WebSite\",\"@id\":\"https:\/\/multisolgroup.com\/fr\/#website\",\"url\":\"https:\/\/multisolgroup.com\/fr\/\",\"name\":\"Multisol\",\"description\":\"\",\"potentialAction\":[{\"@type\":\"SearchAction\",\"target\":{\"@type\":\"EntryPoint\",\"urlTemplate\":\"https:\/\/multisolgroup.com\/fr\/?s={search_term_string}\"},\"query-input\":{\"@type\":\"PropertyValueSpecification\",\"valueRequired\":true,\"valueName\":\"search_term_string\"}}],\"inLanguage\":\"fr-FR\"}]}<\/script>\n<!-- \/ Yoast SEO plugin. -->","yoast_head_json":{"title":"T\u00e9l\u00e9chargements - Multisol","robots":{"index":"index","follow":"follow","max-snippet":"max-snippet:-1","max-image-preview":"max-image-preview:large","max-video-preview":"max-video-preview:-1"},"canonical":"https:\/\/multisolgroup.com\/fr\/telechargements\/","og_locale":"fr_FR","og_type":"article","og_title":"T\u00e9l\u00e9chargements - Multisol","og_description":"Infineum Insight &nbsp;","og_url":"https:\/\/multisolgroup.com\/fr\/telechargements\/","og_site_name":"Multisol","article_modified_time":"2020-03-06T10:56:31+00:00","og_image":[{"url":"http:\/\/multisolgroup.com\/wp-content\/uploads\/2019\/11\/mdl-e1574953587127-1024x345.jpg","type":"","width":"","height":""}],"twitter_card":"summary_large_image","twitter_misc":{"Dur\u00e9e de lecture estim\u00e9e":"2 minutes"},"schema":{"@context":"https:\/\/schema.org","@graph":[{"@type":"WebPage","@id":"https:\/\/multisolgroup.com\/fr\/telechargements\/","url":"https:\/\/multisolgroup.com\/fr\/telechargements\/","name":"T\u00e9l\u00e9chargements - Multisol","isPartOf":{"@id":"https:\/\/multisolgroup.com\/fr\/#website"},"primaryImageOfPage":{"@id":"https:\/\/multisolgroup.com\/fr\/telechargements\/#primaryimage"},"image":{"@id":"https:\/\/multisolgroup.com\/fr\/telechargements\/#primaryimage"},"thumbnailUrl":"http:\/\/multisolgroup.com\/wp-content\/uploads\/2019\/11\/mdl-e1574953587127-1024x345.jpg","datePublished":"2020-02-17T14:08:29+00:00","dateModified":"2020-03-06T10:56:31+00:00","breadcrumb":{"@id":"https:\/\/multisolgroup.com\/fr\/telechargements\/#breadcrumb"},"inLanguage":"fr-FR","potentialAction":[{"@type":"ReadAction","target":["https:\/\/multisolgroup.com\/fr\/telechargements\/"]}]},{"@type":"ImageObject","inLanguage":"fr-FR","@id":"https:\/\/multisolgroup.com\/fr\/telechargements\/#primaryimage","url":"http:\/\/multisolgroup.com\/wp-content\/uploads\/2019\/11\/mdl-e1574953587127-1024x345.jpg","contentUrl":"http:\/\/multisolgroup.com\/wp-content\/uploads\/2019\/11\/mdl-e1574953587127-1024x345.jpg"},{"@type":"BreadcrumbList","@id":"https:\/\/multisolgroup.com\/fr\/telechargements\/#breadcrumb","itemListElement":[{"@type":"ListItem","position":1,"name":"Home","item":"https:\/\/multisolgroup.com\/fr\/"},{"@type":"ListItem","position":2,"name":"T\u00e9l\u00e9chargements"}]},{"@type":"WebSite","@id":"https:\/\/multisolgroup.com\/fr\/#website","url":"https:\/\/multisolgroup.com\/fr\/","name":"Multisol","description":"","potentialAction":[{"@type":"SearchAction","target":{"@type":"EntryPoint","urlTemplate":"https:\/\/multisolgroup.com\/fr\/?s={search_term_string}"},"query-input":{"@type":"PropertyValueSpecification","valueRequired":true,"valueName":"search_term_string"}}],"inLanguage":"fr-FR"}]}},"_links":{"self":[{"href":"https:\/\/multisolgroup.com\/fr\/wp-json\/wp\/v2\/pages\/1315","targetHints":{"allow":["GET"]}}],"collection":[{"href":"https:\/\/multisolgroup.com\/fr\/wp-json\/wp\/v2\/pages"}],"about":[{"href":"https:\/\/multisolgroup.com\/fr\/wp-json\/wp\/v2\/types\/page"}],"author":[{"embeddable":true,"href":"https:\/\/multisolgroup.com\/fr\/wp-json\/wp\/v2\/users\/3"}],"replies":[{"embeddable":true,"href":"https:\/\/multisolgroup.com\/fr\/wp-json\/wp\/v2\/comments?post=1315"}],"version-history":[{"count":4,"href":"https:\/\/multisolgroup.com\/fr\/wp-json\/wp\/v2\/pages\/1315\/revisions"}],"predecessor-version":[{"id":1438,"href":"https:\/\/multisolgroup.com\/fr\/wp-json\/wp\/v2\/pages\/1315\/revisions\/1438"}],"wp:attachment":[{"href":"https:\/\/multisolgroup.com\/fr\/wp-json\/wp\/v2\/media?parent=1315"}],"curies":[{"name":"wp","href":"https:\/\/api.w.org\/{rel}","templated":true}]}}