{"id":1335,"date":"2020-02-28T11:07:09","date_gmt":"2020-02-28T11:07:09","guid":{"rendered":"https:\/\/multisolgroup.com\/?page_id=1335"},"modified":"2020-03-06T10:53:14","modified_gmt":"2020-03-06T10:53:14","slug":"huiles-de-base-superieures-des-groupes-ii-ii-de-chevron","status":"publish","type":"page","link":"https:\/\/multisolgroup.com\/fr\/nos-produits\/huiles-de-base\/huiles-de-base-superieures-des-groupes-ii-ii-de-chevron\/","title":{"rendered":"Huiles de base sup\u00e9rieures des Groupes II\/II+ de Chevron"},"content":{"rendered":"<p><strong>Huiles min\u00e9rales neutres hydrocraqu\u00e9es, avec des approbations en place pour ACEA, API, JAMA et autres sp\u00e9cifications OEM.<\/strong><\/p>\n<ul>\n<li>En sa qualit\u00e9 de distributeur agr\u00e9\u00e9 des huiles de base sup\u00e9rieures des Groupes II\/II+ de Chevron, Multisol reconna\u00eet l\u2019importance que repr\u00e9sente une collaboration avec le leader mondial et le plus grand fournisseur d\u2019huiles de bases sup\u00e9rieures dans le monde.<\/li>\n<li>Chevron poss\u00e8de plus de 100 ans d\u2019exp\u00e9rience dans la production des carburants, des lubrifiants et des huiles de base et ils ont introduit le catalyseur et la technologie ISODEWAXING\u00ae, un nouveau processus de raffinage radical qui produit des huiles de base extra-blanches et chimiquement pures tir\u00e9es de mati\u00e8res premi\u00e8res conventionnelles.<\/li>\n<li>Aujourd\u2019hui, la quasi-totalit\u00e9 des stocks d\u2019huile de base du Groupe II et du Groupe III dans le monde est produite en utilisant la technologie de d\u00e9paraffinage par isom\u00e9risation. La disponibilit\u00e9 largement r\u00e9pandue de ces huiles permet de fixer et d\u2019observer des sp\u00e9cifications de haute performance au niveau mondial.<\/li>\n<\/ul>\n","protected":false},"excerpt":{"rendered":"<p>Huiles min\u00e9rales neutres hydrocraqu\u00e9es, avec des approbations en place pour ACEA, API, JAMA et autres sp\u00e9cifications OEM. En sa qualit\u00e9 de distributeur agr\u00e9\u00e9 des huiles de base sup\u00e9rieures des Groupes II\/II+ de Chevron, Multisol reconna\u00eet l\u2019importance que repr\u00e9sente une collaboration avec le leader mondial et le plus grand fournisseur d\u2019huiles de bases sup\u00e9rieures dans le [&hellip;]<\/p>\n","protected":false},"author":3,"featured_media":1228,"parent":1221,"menu_order":0,"comment_status":"closed","ping_status":"closed","template":"page-product-single.php","meta":{"_acf_changed":false,"footnotes":""},"class_list":["post-1335","page","type-page","status-publish","has-post-thumbnail","hentry"],"acf":[],"yoast_head":"<!-- This site is optimized with the Yoast SEO plugin v25.5 - https:\/\/yoast.com\/wordpress\/plugins\/seo\/ -->\n<title>Huiles de base sup\u00e9rieures des Groupes II\/II+ de Chevron - Multisol<\/title>\n<meta name=\"robots\" content=\"index, follow, max-snippet:-1, max-image-preview:large, max-video-preview:-1\" \/>\n<link rel=\"canonical\" href=\"https:\/\/multisolgroup.com\/fr\/nos-produits\/huiles-de-base\/huiles-de-base-superieures-des-groupes-ii-ii-de-chevron\/\" \/>\n<meta property=\"og:locale\" content=\"fr_FR\" \/>\n<meta property=\"og:type\" content=\"article\" \/>\n<meta property=\"og:title\" content=\"Huiles de base sup\u00e9rieures des Groupes II\/II+ de Chevron - Multisol\" \/>\n<meta property=\"og:description\" content=\"Huiles min\u00e9rales neutres hydrocraqu\u00e9es, avec des approbations en place pour ACEA, API, JAMA et autres sp\u00e9cifications OEM. En sa qualit\u00e9 de distributeur agr\u00e9\u00e9 des huiles de base sup\u00e9rieures des Groupes II\/II+ de Chevron, Multisol reconna\u00eet l\u2019importance que repr\u00e9sente une collaboration avec le leader mondial et le plus grand fournisseur d\u2019huiles de bases sup\u00e9rieures dans le [&hellip;]\" \/>\n<meta property=\"og:url\" content=\"https:\/\/multisolgroup.com\/fr\/nos-produits\/huiles-de-base\/huiles-de-base-superieures-des-groupes-ii-ii-de-chevron\/\" \/>\n<meta property=\"og:site_name\" content=\"Multisol\" \/>\n<meta property=\"article:modified_time\" content=\"2020-03-06T10:53:14+00:00\" \/>\n<meta property=\"og:image\" content=\"https:\/\/multisolgroup.com\/wp-content\/uploads\/2018\/07\/Multisol30.jpg\" \/>\n\t<meta property=\"og:image:width\" content=\"1037\" \/>\n\t<meta property=\"og:image:height\" content=\"691\" \/>\n\t<meta property=\"og:image:type\" content=\"image\/jpeg\" \/>\n<meta name=\"twitter:card\" content=\"summary_large_image\" \/>\n<meta name=\"twitter:label1\" content=\"Dur\u00e9e de lecture estim\u00e9e\" \/>\n\t<meta name=\"twitter:data1\" content=\"1 minute\" \/>\n<script type=\"application\/ld+json\" class=\"yoast-schema-graph\">{\"@context\":\"https:\/\/schema.org\",\"@graph\":[{\"@type\":\"WebPage\",\"@id\":\"https:\/\/multisolgroup.com\/fr\/nos-produits\/huiles-de-base\/huiles-de-base-superieures-des-groupes-ii-ii-de-chevron\/\",\"url\":\"https:\/\/multisolgroup.com\/fr\/nos-produits\/huiles-de-base\/huiles-de-base-superieures-des-groupes-ii-ii-de-chevron\/\",\"name\":\"Huiles de base sup\u00e9rieures des Groupes II\/II+ de Chevron - Multisol\",\"isPartOf\":{\"@id\":\"https:\/\/multisolgroup.com\/fr\/#website\"},\"primaryImageOfPage\":{\"@id\":\"https:\/\/multisolgroup.com\/fr\/nos-produits\/huiles-de-base\/huiles-de-base-superieures-des-groupes-ii-ii-de-chevron\/#primaryimage\"},\"image\":{\"@id\":\"https:\/\/multisolgroup.com\/fr\/nos-produits\/huiles-de-base\/huiles-de-base-superieures-des-groupes-ii-ii-de-chevron\/#primaryimage\"},\"thumbnailUrl\":\"https:\/\/multisolgroup.com\/wp-content\/uploads\/2018\/07\/Multisol30.jpg\",\"datePublished\":\"2020-02-28T11:07:09+00:00\",\"dateModified\":\"2020-03-06T10:53:14+00:00\",\"breadcrumb\":{\"@id\":\"https:\/\/multisolgroup.com\/fr\/nos-produits\/huiles-de-base\/huiles-de-base-superieures-des-groupes-ii-ii-de-chevron\/#breadcrumb\"},\"inLanguage\":\"fr-FR\",\"potentialAction\":[{\"@type\":\"ReadAction\",\"target\":[\"https:\/\/multisolgroup.com\/fr\/nos-produits\/huiles-de-base\/huiles-de-base-superieures-des-groupes-ii-ii-de-chevron\/\"]}]},{\"@type\":\"ImageObject\",\"inLanguage\":\"fr-FR\",\"@id\":\"https:\/\/multisolgroup.com\/fr\/nos-produits\/huiles-de-base\/huiles-de-base-superieures-des-groupes-ii-ii-de-chevron\/#primaryimage\",\"url\":\"https:\/\/multisolgroup.com\/wp-content\/uploads\/2018\/07\/Multisol30.jpg\",\"contentUrl\":\"https:\/\/multisolgroup.com\/wp-content\/uploads\/2018\/07\/Multisol30.jpg\",\"width\":1037,\"height\":691},{\"@type\":\"BreadcrumbList\",\"@id\":\"https:\/\/multisolgroup.com\/fr\/nos-produits\/huiles-de-base\/huiles-de-base-superieures-des-groupes-ii-ii-de-chevron\/#breadcrumb\",\"itemListElement\":[{\"@type\":\"ListItem\",\"position\":1,\"name\":\"Home\",\"item\":\"https:\/\/multisolgroup.com\/fr\/\"},{\"@type\":\"ListItem\",\"position\":2,\"name\":\"Nos Produits\",\"item\":\"https:\/\/multisolgroup.com\/fr\/nos-produits\/\"},{\"@type\":\"ListItem\",\"position\":3,\"name\":\"Huiles de base\",\"item\":\"https:\/\/multisolgroup.com\/fr\/products\/base-oils\/\"},{\"@type\":\"ListItem\",\"position\":4,\"name\":\"Huiles de base sup\u00e9rieures des Groupes II\/II+ de Chevron\"}]},{\"@type\":\"WebSite\",\"@id\":\"https:\/\/multisolgroup.com\/fr\/#website\",\"url\":\"https:\/\/multisolgroup.com\/fr\/\",\"name\":\"Multisol\",\"description\":\"\",\"potentialAction\":[{\"@type\":\"SearchAction\",\"target\":{\"@type\":\"EntryPoint\",\"urlTemplate\":\"https:\/\/multisolgroup.com\/fr\/?s={search_term_string}\"},\"query-input\":{\"@type\":\"PropertyValueSpecification\",\"valueRequired\":true,\"valueName\":\"search_term_string\"}}],\"inLanguage\":\"fr-FR\"}]}<\/script>\n<!-- \/ Yoast SEO plugin. -->","yoast_head_json":{"title":"Huiles de base sup\u00e9rieures des Groupes II\/II+ de Chevron - Multisol","robots":{"index":"index","follow":"follow","max-snippet":"max-snippet:-1","max-image-preview":"max-image-preview:large","max-video-preview":"max-video-preview:-1"},"canonical":"https:\/\/multisolgroup.com\/fr\/nos-produits\/huiles-de-base\/huiles-de-base-superieures-des-groupes-ii-ii-de-chevron\/","og_locale":"fr_FR","og_type":"article","og_title":"Huiles de base sup\u00e9rieures des Groupes II\/II+ de Chevron - Multisol","og_description":"Huiles min\u00e9rales neutres hydrocraqu\u00e9es, avec des approbations en place pour ACEA, API, JAMA et autres sp\u00e9cifications OEM. En sa qualit\u00e9 de distributeur agr\u00e9\u00e9 des huiles de base sup\u00e9rieures des Groupes II\/II+ de Chevron, Multisol reconna\u00eet l\u2019importance que repr\u00e9sente une collaboration avec le leader mondial et le plus grand fournisseur d\u2019huiles de bases sup\u00e9rieures dans le [&hellip;]","og_url":"https:\/\/multisolgroup.com\/fr\/nos-produits\/huiles-de-base\/huiles-de-base-superieures-des-groupes-ii-ii-de-chevron\/","og_site_name":"Multisol","article_modified_time":"2020-03-06T10:53:14+00:00","og_image":[{"width":1037,"height":691,"url":"https:\/\/multisolgroup.com\/wp-content\/uploads\/2018\/07\/Multisol30.jpg","type":"image\/jpeg"}],"twitter_card":"summary_large_image","twitter_misc":{"Dur\u00e9e de lecture estim\u00e9e":"1 minute"},"schema":{"@context":"https:\/\/schema.org","@graph":[{"@type":"WebPage","@id":"https:\/\/multisolgroup.com\/fr\/nos-produits\/huiles-de-base\/huiles-de-base-superieures-des-groupes-ii-ii-de-chevron\/","url":"https:\/\/multisolgroup.com\/fr\/nos-produits\/huiles-de-base\/huiles-de-base-superieures-des-groupes-ii-ii-de-chevron\/","name":"Huiles de base sup\u00e9rieures des Groupes II\/II+ de Chevron - Multisol","isPartOf":{"@id":"https:\/\/multisolgroup.com\/fr\/#website"},"primaryImageOfPage":{"@id":"https:\/\/multisolgroup.com\/fr\/nos-produits\/huiles-de-base\/huiles-de-base-superieures-des-groupes-ii-ii-de-chevron\/#primaryimage"},"image":{"@id":"https:\/\/multisolgroup.com\/fr\/nos-produits\/huiles-de-base\/huiles-de-base-superieures-des-groupes-ii-ii-de-chevron\/#primaryimage"},"thumbnailUrl":"https:\/\/multisolgroup.com\/wp-content\/uploads\/2018\/07\/Multisol30.jpg","datePublished":"2020-02-28T11:07:09+00:00","dateModified":"2020-03-06T10:53:14+00:00","breadcrumb":{"@id":"https:\/\/multisolgroup.com\/fr\/nos-produits\/huiles-de-base\/huiles-de-base-superieures-des-groupes-ii-ii-de-chevron\/#breadcrumb"},"inLanguage":"fr-FR","potentialAction":[{"@type":"ReadAction","target":["https:\/\/multisolgroup.com\/fr\/nos-produits\/huiles-de-base\/huiles-de-base-superieures-des-groupes-ii-ii-de-chevron\/"]}]},{"@type":"ImageObject","inLanguage":"fr-FR","@id":"https:\/\/multisolgroup.com\/fr\/nos-produits\/huiles-de-base\/huiles-de-base-superieures-des-groupes-ii-ii-de-chevron\/#primaryimage","url":"https:\/\/multisolgroup.com\/wp-content\/uploads\/2018\/07\/Multisol30.jpg","contentUrl":"https:\/\/multisolgroup.com\/wp-content\/uploads\/2018\/07\/Multisol30.jpg","width":1037,"height":691},{"@type":"BreadcrumbList","@id":"https:\/\/multisolgroup.com\/fr\/nos-produits\/huiles-de-base\/huiles-de-base-superieures-des-groupes-ii-ii-de-chevron\/#breadcrumb","itemListElement":[{"@type":"ListItem","position":1,"name":"Home","item":"https:\/\/multisolgroup.com\/fr\/"},{"@type":"ListItem","position":2,"name":"Nos Produits","item":"https:\/\/multisolgroup.com\/fr\/nos-produits\/"},{"@type":"ListItem","position":3,"name":"Huiles de base","item":"https:\/\/multisolgroup.com\/fr\/products\/base-oils\/"},{"@type":"ListItem","position":4,"name":"Huiles de base sup\u00e9rieures des Groupes II\/II+ de Chevron"}]},{"@type":"WebSite","@id":"https:\/\/multisolgroup.com\/fr\/#website","url":"https:\/\/multisolgroup.com\/fr\/","name":"Multisol","description":"","potentialAction":[{"@type":"SearchAction","target":{"@type":"EntryPoint","urlTemplate":"https:\/\/multisolgroup.com\/fr\/?s={search_term_string}"},"query-input":{"@type":"PropertyValueSpecification","valueRequired":true,"valueName":"search_term_string"}}],"inLanguage":"fr-FR"}]}},"_links":{"self":[{"href":"https:\/\/multisolgroup.com\/fr\/wp-json\/wp\/v2\/pages\/1335","targetHints":{"allow":["GET"]}}],"collection":[{"href":"https:\/\/multisolgroup.com\/fr\/wp-json\/wp\/v2\/pages"}],"about":[{"href":"https:\/\/multisolgroup.com\/fr\/wp-json\/wp\/v2\/types\/page"}],"author":[{"embeddable":true,"href":"https:\/\/multisolgroup.com\/fr\/wp-json\/wp\/v2\/users\/3"}],"replies":[{"embeddable":true,"href":"https:\/\/multisolgroup.com\/fr\/wp-json\/wp\/v2\/comments?post=1335"}],"version-history":[{"count":3,"href":"https:\/\/multisolgroup.com\/fr\/wp-json\/wp\/v2\/pages\/1335\/revisions"}],"predecessor-version":[{"id":1437,"href":"https:\/\/multisolgroup.com\/fr\/wp-json\/wp\/v2\/pages\/1335\/revisions\/1437"}],"up":[{"embeddable":true,"href":"https:\/\/multisolgroup.com\/fr\/wp-json\/wp\/v2\/pages\/1221"}],"wp:featuredmedia":[{"embeddable":true,"href":"https:\/\/multisolgroup.com\/fr\/wp-json\/wp\/v2\/media\/1228"}],"wp:attachment":[{"href":"https:\/\/multisolgroup.com\/fr\/wp-json\/wp\/v2\/media?parent=1335"}],"curies":[{"name":"wp","href":"https:\/\/api.w.org\/{rel}","templated":true}]}}