{"id":1340,"date":"2020-02-28T08:53:01","date_gmt":"2020-02-28T08:53:01","guid":{"rendered":"https:\/\/multisolgroup.com\/?page_id=1340"},"modified":"2020-03-06T10:50:27","modified_gmt":"2020-03-06T10:50:27","slug":"transformer-oils-from-nynas","status":"publish","type":"page","link":"https:\/\/multisolgroup.com\/fr\/nos-produits\/gamme-industrielle\/transformer-oils-from-nynas\/","title":{"rendered":"HUILES POUR TRANSFORMATEURS DE NYNAS"},"content":{"rendered":"<p>En travaillant en collaboration \u00e9troite avec les partenaires locaux, Multisol fournit maintenant les huiles pour transformateurs Nynas aux clients bas\u00e9s \u00e0 travers toute l\u2019Afrique occidentale. Nynas \u00e9tant reconnu comme le leader mondial des huiles pour transformateurs, la vaste gamme de ses produits peut s\u2019adapter \u00e0 pratiquement toute condition de climat, de conception et d\u2019exploitation imaginable.<\/p>\n<p>Il y a plus d\u2019un million de transformateurs \u00e0 travers le monde qui contiennent de l\u2019huile Nynas et la compagnie, en travaillant avec les leaders de la fabrication des transformateurs dans le monde, a d\u00e9velopp\u00e9 et adapt\u00e9 ses produits pour satisfaire toutes les sp\u00e9cifications nationales et internationales.<\/p>\n<p>Multisol est un partenaire id\u00e9al pour \u00e9tendre la port\u00e9e des produits de Nynas et ouvrir de nouveaux march\u00e9s aux huiles de transformateurs napht\u00e9niques. L\u2019entreprise est reconnue pour sa connaissance du march\u00e9 mondial et comme leader mondial dans la distribution des produits chimiques au sein du groupe Brenntag.<\/p>\n<p><strong>Points de contact Multisol :<\/strong><\/p>\n<p><strong>Nig\u00e9ria (points de vente \u00e0 Lagos et Port Harcourt) :<\/strong> Amechi Okwose, Directeur g\u00e9n\u00e9ral, Lubeserve Engineering Ltd \/\/ <a href=\"mailto:amechi.f.okwose@lubeserve.com.ng\">amechi.f.okwose@lubeserve.com.ng<\/a><\/p>\n<p><strong>Reste de la r\u00e9gion :<\/strong> Stefan Alberts, Responsable du d\u00e9veloppement commercial, Multisol South Africa (Pty) Ltd. PO Box 3887, Tygervalley, 7536, Afrique du Sud \/\/ <a href=\"mailto:Stefan.alberts@multisol.mu\">Stefan.alberts@multisol.mu<\/a><\/p>\n","protected":false},"excerpt":{"rendered":"<p>En travaillant en collaboration \u00e9troite avec les partenaires locaux, Multisol fournit maintenant les huiles pour transformateurs Nynas aux clients bas\u00e9s \u00e0 travers toute l\u2019Afrique occidentale. Nynas \u00e9tant reconnu comme le leader mondial des huiles pour transformateurs, la vaste gamme de ses produits peut s\u2019adapter \u00e0 pratiquement toute condition de climat, de conception et d\u2019exploitation imaginable. [&hellip;]<\/p>\n","protected":false},"author":3,"featured_media":1342,"parent":1270,"menu_order":0,"comment_status":"closed","ping_status":"closed","template":"page-product-single.php","meta":{"_acf_changed":false,"footnotes":""},"class_list":["post-1340","page","type-page","status-publish","has-post-thumbnail","hentry"],"acf":[],"yoast_head":"<!-- This site is optimized with the Yoast SEO plugin v25.5 - https:\/\/yoast.com\/wordpress\/plugins\/seo\/ -->\n<title>HUILES POUR TRANSFORMATEURS DE NYNAS - Multisol<\/title>\n<meta name=\"robots\" content=\"index, follow, max-snippet:-1, max-image-preview:large, max-video-preview:-1\" \/>\n<link rel=\"canonical\" href=\"https:\/\/multisolgroup.com\/fr\/nos-produits\/gamme-industrielle\/transformer-oils-from-nynas\/\" \/>\n<meta property=\"og:locale\" content=\"fr_FR\" \/>\n<meta property=\"og:type\" content=\"article\" \/>\n<meta property=\"og:title\" content=\"HUILES POUR TRANSFORMATEURS DE NYNAS - Multisol\" \/>\n<meta property=\"og:description\" content=\"En travaillant en collaboration \u00e9troite avec les partenaires locaux, Multisol fournit maintenant les huiles pour transformateurs Nynas aux clients bas\u00e9s \u00e0 travers toute l\u2019Afrique occidentale. Nynas \u00e9tant reconnu comme le leader mondial des huiles pour transformateurs, la vaste gamme de ses produits peut s\u2019adapter \u00e0 pratiquement toute condition de climat, de conception et d\u2019exploitation imaginable. [&hellip;]\" \/>\n<meta property=\"og:url\" content=\"https:\/\/multisolgroup.com\/fr\/nos-produits\/gamme-industrielle\/transformer-oils-from-nynas\/\" \/>\n<meta property=\"og:site_name\" content=\"Multisol\" \/>\n<meta property=\"article:modified_time\" content=\"2020-03-06T10:50:27+00:00\" \/>\n<meta property=\"og:image\" content=\"https:\/\/multisolgroup.com\/wp-content\/uploads\/2018\/07\/nynsa-trs.png\" \/>\n\t<meta property=\"og:image:width\" content=\"1000\" \/>\n\t<meta property=\"og:image:height\" content=\"660\" \/>\n\t<meta property=\"og:image:type\" content=\"image\/png\" \/>\n<meta name=\"twitter:card\" content=\"summary_large_image\" \/>\n<meta name=\"twitter:label1\" content=\"Dur\u00e9e de lecture estim\u00e9e\" \/>\n\t<meta name=\"twitter:data1\" content=\"1 minute\" \/>\n<script type=\"application\/ld+json\" class=\"yoast-schema-graph\">{\"@context\":\"https:\/\/schema.org\",\"@graph\":[{\"@type\":\"WebPage\",\"@id\":\"https:\/\/multisolgroup.com\/fr\/nos-produits\/gamme-industrielle\/transformer-oils-from-nynas\/\",\"url\":\"https:\/\/multisolgroup.com\/fr\/nos-produits\/gamme-industrielle\/transformer-oils-from-nynas\/\",\"name\":\"HUILES POUR TRANSFORMATEURS DE NYNAS - Multisol\",\"isPartOf\":{\"@id\":\"https:\/\/multisolgroup.com\/fr\/#website\"},\"primaryImageOfPage\":{\"@id\":\"https:\/\/multisolgroup.com\/fr\/nos-produits\/gamme-industrielle\/transformer-oils-from-nynas\/#primaryimage\"},\"image\":{\"@id\":\"https:\/\/multisolgroup.com\/fr\/nos-produits\/gamme-industrielle\/transformer-oils-from-nynas\/#primaryimage\"},\"thumbnailUrl\":\"https:\/\/multisolgroup.com\/wp-content\/uploads\/2018\/07\/nynsa-trs.png\",\"datePublished\":\"2020-02-28T08:53:01+00:00\",\"dateModified\":\"2020-03-06T10:50:27+00:00\",\"breadcrumb\":{\"@id\":\"https:\/\/multisolgroup.com\/fr\/nos-produits\/gamme-industrielle\/transformer-oils-from-nynas\/#breadcrumb\"},\"inLanguage\":\"fr-FR\",\"potentialAction\":[{\"@type\":\"ReadAction\",\"target\":[\"https:\/\/multisolgroup.com\/fr\/nos-produits\/gamme-industrielle\/transformer-oils-from-nynas\/\"]}]},{\"@type\":\"ImageObject\",\"inLanguage\":\"fr-FR\",\"@id\":\"https:\/\/multisolgroup.com\/fr\/nos-produits\/gamme-industrielle\/transformer-oils-from-nynas\/#primaryimage\",\"url\":\"https:\/\/multisolgroup.com\/wp-content\/uploads\/2018\/07\/nynsa-trs.png\",\"contentUrl\":\"https:\/\/multisolgroup.com\/wp-content\/uploads\/2018\/07\/nynsa-trs.png\",\"width\":1000,\"height\":660},{\"@type\":\"BreadcrumbList\",\"@id\":\"https:\/\/multisolgroup.com\/fr\/nos-produits\/gamme-industrielle\/transformer-oils-from-nynas\/#breadcrumb\",\"itemListElement\":[{\"@type\":\"ListItem\",\"position\":1,\"name\":\"Home\",\"item\":\"https:\/\/multisolgroup.com\/fr\/\"},{\"@type\":\"ListItem\",\"position\":2,\"name\":\"Nos Produits\",\"item\":\"https:\/\/multisolgroup.com\/fr\/nos-produits\/\"},{\"@type\":\"ListItem\",\"position\":3,\"name\":\"Gamme industrielle\",\"item\":\"https:\/\/multisolgroup.com\/fr\/nos-produits\/gamme-industrielle\/\"},{\"@type\":\"ListItem\",\"position\":4,\"name\":\"HUILES POUR TRANSFORMATEURS DE NYNAS\"}]},{\"@type\":\"WebSite\",\"@id\":\"https:\/\/multisolgroup.com\/fr\/#website\",\"url\":\"https:\/\/multisolgroup.com\/fr\/\",\"name\":\"Multisol\",\"description\":\"\",\"potentialAction\":[{\"@type\":\"SearchAction\",\"target\":{\"@type\":\"EntryPoint\",\"urlTemplate\":\"https:\/\/multisolgroup.com\/fr\/?s={search_term_string}\"},\"query-input\":{\"@type\":\"PropertyValueSpecification\",\"valueRequired\":true,\"valueName\":\"search_term_string\"}}],\"inLanguage\":\"fr-FR\"}]}<\/script>\n<!-- \/ Yoast SEO plugin. -->","yoast_head_json":{"title":"HUILES POUR TRANSFORMATEURS DE NYNAS - Multisol","robots":{"index":"index","follow":"follow","max-snippet":"max-snippet:-1","max-image-preview":"max-image-preview:large","max-video-preview":"max-video-preview:-1"},"canonical":"https:\/\/multisolgroup.com\/fr\/nos-produits\/gamme-industrielle\/transformer-oils-from-nynas\/","og_locale":"fr_FR","og_type":"article","og_title":"HUILES POUR TRANSFORMATEURS DE NYNAS - Multisol","og_description":"En travaillant en collaboration \u00e9troite avec les partenaires locaux, Multisol fournit maintenant les huiles pour transformateurs Nynas aux clients bas\u00e9s \u00e0 travers toute l\u2019Afrique occidentale. Nynas \u00e9tant reconnu comme le leader mondial des huiles pour transformateurs, la vaste gamme de ses produits peut s\u2019adapter \u00e0 pratiquement toute condition de climat, de conception et d\u2019exploitation imaginable. [&hellip;]","og_url":"https:\/\/multisolgroup.com\/fr\/nos-produits\/gamme-industrielle\/transformer-oils-from-nynas\/","og_site_name":"Multisol","article_modified_time":"2020-03-06T10:50:27+00:00","og_image":[{"width":1000,"height":660,"url":"https:\/\/multisolgroup.com\/wp-content\/uploads\/2018\/07\/nynsa-trs.png","type":"image\/png"}],"twitter_card":"summary_large_image","twitter_misc":{"Dur\u00e9e de lecture estim\u00e9e":"1 minute"},"schema":{"@context":"https:\/\/schema.org","@graph":[{"@type":"WebPage","@id":"https:\/\/multisolgroup.com\/fr\/nos-produits\/gamme-industrielle\/transformer-oils-from-nynas\/","url":"https:\/\/multisolgroup.com\/fr\/nos-produits\/gamme-industrielle\/transformer-oils-from-nynas\/","name":"HUILES POUR TRANSFORMATEURS DE NYNAS - Multisol","isPartOf":{"@id":"https:\/\/multisolgroup.com\/fr\/#website"},"primaryImageOfPage":{"@id":"https:\/\/multisolgroup.com\/fr\/nos-produits\/gamme-industrielle\/transformer-oils-from-nynas\/#primaryimage"},"image":{"@id":"https:\/\/multisolgroup.com\/fr\/nos-produits\/gamme-industrielle\/transformer-oils-from-nynas\/#primaryimage"},"thumbnailUrl":"https:\/\/multisolgroup.com\/wp-content\/uploads\/2018\/07\/nynsa-trs.png","datePublished":"2020-02-28T08:53:01+00:00","dateModified":"2020-03-06T10:50:27+00:00","breadcrumb":{"@id":"https:\/\/multisolgroup.com\/fr\/nos-produits\/gamme-industrielle\/transformer-oils-from-nynas\/#breadcrumb"},"inLanguage":"fr-FR","potentialAction":[{"@type":"ReadAction","target":["https:\/\/multisolgroup.com\/fr\/nos-produits\/gamme-industrielle\/transformer-oils-from-nynas\/"]}]},{"@type":"ImageObject","inLanguage":"fr-FR","@id":"https:\/\/multisolgroup.com\/fr\/nos-produits\/gamme-industrielle\/transformer-oils-from-nynas\/#primaryimage","url":"https:\/\/multisolgroup.com\/wp-content\/uploads\/2018\/07\/nynsa-trs.png","contentUrl":"https:\/\/multisolgroup.com\/wp-content\/uploads\/2018\/07\/nynsa-trs.png","width":1000,"height":660},{"@type":"BreadcrumbList","@id":"https:\/\/multisolgroup.com\/fr\/nos-produits\/gamme-industrielle\/transformer-oils-from-nynas\/#breadcrumb","itemListElement":[{"@type":"ListItem","position":1,"name":"Home","item":"https:\/\/multisolgroup.com\/fr\/"},{"@type":"ListItem","position":2,"name":"Nos Produits","item":"https:\/\/multisolgroup.com\/fr\/nos-produits\/"},{"@type":"ListItem","position":3,"name":"Gamme industrielle","item":"https:\/\/multisolgroup.com\/fr\/nos-produits\/gamme-industrielle\/"},{"@type":"ListItem","position":4,"name":"HUILES POUR TRANSFORMATEURS DE NYNAS"}]},{"@type":"WebSite","@id":"https:\/\/multisolgroup.com\/fr\/#website","url":"https:\/\/multisolgroup.com\/fr\/","name":"Multisol","description":"","potentialAction":[{"@type":"SearchAction","target":{"@type":"EntryPoint","urlTemplate":"https:\/\/multisolgroup.com\/fr\/?s={search_term_string}"},"query-input":{"@type":"PropertyValueSpecification","valueRequired":true,"valueName":"search_term_string"}}],"inLanguage":"fr-FR"}]}},"_links":{"self":[{"href":"https:\/\/multisolgroup.com\/fr\/wp-json\/wp\/v2\/pages\/1340","targetHints":{"allow":["GET"]}}],"collection":[{"href":"https:\/\/multisolgroup.com\/fr\/wp-json\/wp\/v2\/pages"}],"about":[{"href":"https:\/\/multisolgroup.com\/fr\/wp-json\/wp\/v2\/types\/page"}],"author":[{"embeddable":true,"href":"https:\/\/multisolgroup.com\/fr\/wp-json\/wp\/v2\/users\/3"}],"replies":[{"embeddable":true,"href":"https:\/\/multisolgroup.com\/fr\/wp-json\/wp\/v2\/comments?post=1340"}],"version-history":[{"count":3,"href":"https:\/\/multisolgroup.com\/fr\/wp-json\/wp\/v2\/pages\/1340\/revisions"}],"predecessor-version":[{"id":1436,"href":"https:\/\/multisolgroup.com\/fr\/wp-json\/wp\/v2\/pages\/1340\/revisions\/1436"}],"up":[{"embeddable":true,"href":"https:\/\/multisolgroup.com\/fr\/wp-json\/wp\/v2\/pages\/1270"}],"wp:featuredmedia":[{"embeddable":true,"href":"https:\/\/multisolgroup.com\/fr\/wp-json\/wp\/v2\/media\/1342"}],"wp:attachment":[{"href":"https:\/\/multisolgroup.com\/fr\/wp-json\/wp\/v2\/media?parent=1340"}],"curies":[{"name":"wp","href":"https:\/\/api.w.org\/{rel}","templated":true}]}}