{"id":1402,"date":"2020-02-27T22:37:38","date_gmt":"2020-02-27T22:37:38","guid":{"rendered":"https:\/\/multisolgroup.com\/?page_id=1402"},"modified":"2020-02-27T22:37:38","modified_gmt":"2020-02-27T22:37:38","slug":"laboratoires-dadditifs-de-carburants-et-dapplication","status":"publish","type":"page","link":"https:\/\/multisolgroup.com\/fr\/laboratoires-dadditifs-de-carburants-et-dapplication\/","title":{"rendered":"Laboratoires d\u2019additifs de carburants et d\u2019application"},"content":{"rendered":"<p>Nos laboratoires d\u2019additifs de carburants et d\u2019application sont bas\u00e9s \u00e0 Moscou et le Centre de recherches de Brenntag est situ\u00e9 \u00e0 Jankowice, en Pologne.<\/p>\n<p>\u00c9tablis dans le cadre d\u2019une coop\u00e9ration \u00e9troite avec Infineum, tous deux sont \u00e9quip\u00e9s d\u2019\u00e9quipements d\u2019essais sophistiqu\u00e9s pour les produits p\u00e9troliers et tirent parti des xxx pour s\u00e9lectionner les additifs de lubrifiants optimaux, d\u00e9velopp\u00e9s et perfectionn\u00e9s par les chimistes d\u2019Infineum.<\/p>\n<p>Les laboratoires offrent un appui technologique aux applications et aux services des clients en Europe, au Moyen-Orient et en Afrique, pour leur permettre d\u2019am\u00e9liorer l\u2019\u00e9conomie de leurs raffineries et optimiser leurs gammes de carburants finis.<\/p>\n<p><strong>IMO 2020<\/strong><\/p>\n<p><strong>Nous vous aiderons \u00e0 mieux d\u00e9finir vos besoins et votre compatibilit\u00e9 pour l\u2019utilisation d\u2019un carburant \u00e0 faible teneur en soufre conforme \u00e0 IMO 2020. Les installations d\u2019avant-garde qui sont \u00e0 votre disposition comprennent un banc d\u2019essai reproduisant les blocages potentiels des tamis\/filtres par la paraffine dans les carburants et distillats, dans le syst\u00e8me de refoulement du carburant, et un deuxi\u00e8me banc d\u2019essai qui vise \u00e0 reproduire les probl\u00e8mes potentiels li\u00e9s \u00e0 l\u2019accumulation de la paraffine dans les r\u00e9servoirs de distillat\/fuel lourd, en particulier ceux qui sont \u00e0 bord des navires.<\/strong><\/p>\n<p>*******Des photos sont disponibles*******<\/p>\n<p>\u00c9quipements<br \/>\nAnalyse IR<br \/>\nAnalyse par distillation<br \/>\nDensit\u00e9<br \/>\nCFPP<br \/>\nPoint de trouble<br \/>\nPoint d\u2019\u00e9coulement<br \/>\nHFRR<\/p>\n<p>&nbsp;<\/p>\n","protected":false},"excerpt":{"rendered":"<p>Nos laboratoires d\u2019additifs de carburants et d\u2019application sont bas\u00e9s \u00e0 Moscou et le Centre de recherches de Brenntag est situ\u00e9 \u00e0 Jankowice, en Pologne. \u00c9tablis dans le cadre d\u2019une coop\u00e9ration \u00e9troite avec Infineum, tous deux sont \u00e9quip\u00e9s d\u2019\u00e9quipements d\u2019essais sophistiqu\u00e9s pour les produits p\u00e9troliers et tirent parti des xxx pour s\u00e9lectionner les additifs de lubrifiants [&hellip;]<\/p>\n","protected":false},"author":2,"featured_media":0,"parent":0,"menu_order":0,"comment_status":"closed","ping_status":"closed","template":"","meta":{"_acf_changed":false,"footnotes":""},"class_list":["post-1402","page","type-page","status-publish","hentry"],"acf":[],"yoast_head":"<!-- This site is optimized with the Yoast SEO plugin v25.5 - https:\/\/yoast.com\/wordpress\/plugins\/seo\/ -->\n<title>Laboratoires d\u2019additifs de carburants et d\u2019application - Multisol<\/title>\n<meta name=\"robots\" content=\"index, follow, max-snippet:-1, max-image-preview:large, max-video-preview:-1\" \/>\n<link rel=\"canonical\" href=\"https:\/\/multisolgroup.com\/fr\/laboratoires-dadditifs-de-carburants-et-dapplication\/\" \/>\n<meta property=\"og:locale\" content=\"fr_FR\" \/>\n<meta property=\"og:type\" content=\"article\" \/>\n<meta property=\"og:title\" content=\"Laboratoires d\u2019additifs de carburants et d\u2019application - Multisol\" \/>\n<meta property=\"og:description\" content=\"Nos laboratoires d\u2019additifs de carburants et d\u2019application sont bas\u00e9s \u00e0 Moscou et le Centre de recherches de Brenntag est situ\u00e9 \u00e0 Jankowice, en Pologne. \u00c9tablis dans le cadre d\u2019une coop\u00e9ration \u00e9troite avec Infineum, tous deux sont \u00e9quip\u00e9s d\u2019\u00e9quipements d\u2019essais sophistiqu\u00e9s pour les produits p\u00e9troliers et tirent parti des xxx pour s\u00e9lectionner les additifs de lubrifiants [&hellip;]\" \/>\n<meta property=\"og:url\" content=\"https:\/\/multisolgroup.com\/fr\/laboratoires-dadditifs-de-carburants-et-dapplication\/\" \/>\n<meta property=\"og:site_name\" content=\"Multisol\" \/>\n<meta name=\"twitter:card\" content=\"summary_large_image\" \/>\n<meta name=\"twitter:label1\" content=\"Dur\u00e9e de lecture estim\u00e9e\" \/>\n\t<meta name=\"twitter:data1\" content=\"1 minute\" \/>\n<script type=\"application\/ld+json\" class=\"yoast-schema-graph\">{\"@context\":\"https:\/\/schema.org\",\"@graph\":[{\"@type\":\"WebPage\",\"@id\":\"https:\/\/multisolgroup.com\/fr\/laboratoires-dadditifs-de-carburants-et-dapplication\/\",\"url\":\"https:\/\/multisolgroup.com\/fr\/laboratoires-dadditifs-de-carburants-et-dapplication\/\",\"name\":\"Laboratoires d\u2019additifs de carburants et d\u2019application - Multisol\",\"isPartOf\":{\"@id\":\"https:\/\/multisolgroup.com\/fr\/#website\"},\"datePublished\":\"2020-02-27T22:37:38+00:00\",\"breadcrumb\":{\"@id\":\"https:\/\/multisolgroup.com\/fr\/laboratoires-dadditifs-de-carburants-et-dapplication\/#breadcrumb\"},\"inLanguage\":\"fr-FR\",\"potentialAction\":[{\"@type\":\"ReadAction\",\"target\":[\"https:\/\/multisolgroup.com\/fr\/laboratoires-dadditifs-de-carburants-et-dapplication\/\"]}]},{\"@type\":\"BreadcrumbList\",\"@id\":\"https:\/\/multisolgroup.com\/fr\/laboratoires-dadditifs-de-carburants-et-dapplication\/#breadcrumb\",\"itemListElement\":[{\"@type\":\"ListItem\",\"position\":1,\"name\":\"Home\",\"item\":\"https:\/\/multisolgroup.com\/fr\/\"},{\"@type\":\"ListItem\",\"position\":2,\"name\":\"Laboratoires d\u2019additifs de carburants et d\u2019application\"}]},{\"@type\":\"WebSite\",\"@id\":\"https:\/\/multisolgroup.com\/fr\/#website\",\"url\":\"https:\/\/multisolgroup.com\/fr\/\",\"name\":\"Multisol\",\"description\":\"\",\"potentialAction\":[{\"@type\":\"SearchAction\",\"target\":{\"@type\":\"EntryPoint\",\"urlTemplate\":\"https:\/\/multisolgroup.com\/fr\/?s={search_term_string}\"},\"query-input\":{\"@type\":\"PropertyValueSpecification\",\"valueRequired\":true,\"valueName\":\"search_term_string\"}}],\"inLanguage\":\"fr-FR\"}]}<\/script>\n<!-- \/ Yoast SEO plugin. -->","yoast_head_json":{"title":"Laboratoires d\u2019additifs de carburants et d\u2019application - Multisol","robots":{"index":"index","follow":"follow","max-snippet":"max-snippet:-1","max-image-preview":"max-image-preview:large","max-video-preview":"max-video-preview:-1"},"canonical":"https:\/\/multisolgroup.com\/fr\/laboratoires-dadditifs-de-carburants-et-dapplication\/","og_locale":"fr_FR","og_type":"article","og_title":"Laboratoires d\u2019additifs de carburants et d\u2019application - Multisol","og_description":"Nos laboratoires d\u2019additifs de carburants et d\u2019application sont bas\u00e9s \u00e0 Moscou et le Centre de recherches de Brenntag est situ\u00e9 \u00e0 Jankowice, en Pologne. \u00c9tablis dans le cadre d\u2019une coop\u00e9ration \u00e9troite avec Infineum, tous deux sont \u00e9quip\u00e9s d\u2019\u00e9quipements d\u2019essais sophistiqu\u00e9s pour les produits p\u00e9troliers et tirent parti des xxx pour s\u00e9lectionner les additifs de lubrifiants [&hellip;]","og_url":"https:\/\/multisolgroup.com\/fr\/laboratoires-dadditifs-de-carburants-et-dapplication\/","og_site_name":"Multisol","twitter_card":"summary_large_image","twitter_misc":{"Dur\u00e9e de lecture estim\u00e9e":"1 minute"},"schema":{"@context":"https:\/\/schema.org","@graph":[{"@type":"WebPage","@id":"https:\/\/multisolgroup.com\/fr\/laboratoires-dadditifs-de-carburants-et-dapplication\/","url":"https:\/\/multisolgroup.com\/fr\/laboratoires-dadditifs-de-carburants-et-dapplication\/","name":"Laboratoires d\u2019additifs de carburants et d\u2019application - Multisol","isPartOf":{"@id":"https:\/\/multisolgroup.com\/fr\/#website"},"datePublished":"2020-02-27T22:37:38+00:00","breadcrumb":{"@id":"https:\/\/multisolgroup.com\/fr\/laboratoires-dadditifs-de-carburants-et-dapplication\/#breadcrumb"},"inLanguage":"fr-FR","potentialAction":[{"@type":"ReadAction","target":["https:\/\/multisolgroup.com\/fr\/laboratoires-dadditifs-de-carburants-et-dapplication\/"]}]},{"@type":"BreadcrumbList","@id":"https:\/\/multisolgroup.com\/fr\/laboratoires-dadditifs-de-carburants-et-dapplication\/#breadcrumb","itemListElement":[{"@type":"ListItem","position":1,"name":"Home","item":"https:\/\/multisolgroup.com\/fr\/"},{"@type":"ListItem","position":2,"name":"Laboratoires d\u2019additifs de carburants et d\u2019application"}]},{"@type":"WebSite","@id":"https:\/\/multisolgroup.com\/fr\/#website","url":"https:\/\/multisolgroup.com\/fr\/","name":"Multisol","description":"","potentialAction":[{"@type":"SearchAction","target":{"@type":"EntryPoint","urlTemplate":"https:\/\/multisolgroup.com\/fr\/?s={search_term_string}"},"query-input":{"@type":"PropertyValueSpecification","valueRequired":true,"valueName":"search_term_string"}}],"inLanguage":"fr-FR"}]}},"_links":{"self":[{"href":"https:\/\/multisolgroup.com\/fr\/wp-json\/wp\/v2\/pages\/1402","targetHints":{"allow":["GET"]}}],"collection":[{"href":"https:\/\/multisolgroup.com\/fr\/wp-json\/wp\/v2\/pages"}],"about":[{"href":"https:\/\/multisolgroup.com\/fr\/wp-json\/wp\/v2\/types\/page"}],"author":[{"embeddable":true,"href":"https:\/\/multisolgroup.com\/fr\/wp-json\/wp\/v2\/users\/2"}],"replies":[{"embeddable":true,"href":"https:\/\/multisolgroup.com\/fr\/wp-json\/wp\/v2\/comments?post=1402"}],"version-history":[{"count":1,"href":"https:\/\/multisolgroup.com\/fr\/wp-json\/wp\/v2\/pages\/1402\/revisions"}],"predecessor-version":[{"id":1403,"href":"https:\/\/multisolgroup.com\/fr\/wp-json\/wp\/v2\/pages\/1402\/revisions\/1403"}],"wp:attachment":[{"href":"https:\/\/multisolgroup.com\/fr\/wp-json\/wp\/v2\/media?parent=1402"}],"curies":[{"name":"wp","href":"https:\/\/api.w.org\/{rel}","templated":true}]}}